{"id":2453,"date":"2022-08-31T14:27:09","date_gmt":"2022-08-31T19:27:09","guid":{"rendered":"https:\/\/d5e71e2411.nxcli.net\/?page_id=2453"},"modified":"2024-08-22T11:00:41","modified_gmt":"2024-08-22T16:00:41","slug":"instructions-generales-dinstallation","status":"publish","type":"page","link":"https:\/\/www.scheblerchimney.com\/fr\/general-installation-instructions\/","title":{"rendered":"Instructions g\u00e9n\u00e9rales d'installation"},"content":{"rendered":"<div id='av_section_1'  class='avia-section av-1aghdr-f76cbae49782a70e6abd91adeceb1c6e main_color avia-section-default avia-no-border-styling  avia-builder-el-0  avia-builder-el-no-sibling  avia-bg-style-scroll container_wrap fullsize'  ><div class='container av-section-cont-open' ><main  role=\"main\" itemprop=\"mainContentOfPage\"  class='template-page content  av-content-full alpha units'><div class='post-entry post-entry-type-page post-entry-2453'><div class='entry-content-wrapper clearfix'>\n<div  class='flex_column av-12tt9j-aaf76cecab27c2729705308c2fcc5741 av_one_half  avia-builder-el-1  el_before_av_one_half  avia-builder-el-first  first flex_column_div'     ><section  class='av_textblock_section av-xdob3-e5a9b92be5f5dbaa23a86e095f8cb25d'   itemscope=\"itemscope\" itemtype=\"https:\/\/schema.org\/CreativeWork\" ><div class='avia_textblock'  itemprop=\"text\" ><h2><strong>Instructions g\u00e9n\u00e9rales d'installation<\/strong><\/h2>\n<\/div><\/section><br \/>\n<section  class='av_textblock_section av-qr547-ce208bba42841cf7eb51e1c4077c2d11'   itemscope=\"itemscope\" itemtype=\"https:\/\/schema.org\/CreativeWork\" ><div class='avia_textblock large-blue-paragraph-text'  itemprop=\"text\" ><p>Veuillez remplir le formulaire pour acc\u00e9der aux instructions g\u00e9n\u00e9rales d'installation qui s'appliquent aux produits Schebler Chimney Systems.<\/p>\n<\/div><\/section><\/p><\/div><div  class='flex_column av-gx6tz-20b99b0d90413c7c57d1d3b3444342e1 av_one_half  avia-builder-el-4  el_after_av_one_half  el_before_av_one_full  flex_column_div'     ><section  class='av_textblock_section av-l63mmixy-e6ec6960b7c158a3f2f7c2c3079928da'   itemscope=\"itemscope\" itemtype=\"https:\/\/schema.org\/CreativeWork\" ><div class='avia_textblock large-blue-paragraph-text'  itemprop=\"text\" ><h2>T\u00e9l\u00e9charger maintenant<\/h2>\n<\/div><\/section><br \/>\n<\/p><\/div><div  class='flex_column av-f9y47-86bd3c47b2af5eb8b391d45d60db708a av_one_full  avia-builder-el-7  el_after_av_one_half  avia-builder-el-last  divider-line-width first flex_column_div  column-top-margin'     ><style type=\"text\/css\" data-created_by=\"avia_inline_auto\" id=\"style-css-av-953hz-dfbff1261f33ccb82d38af15c2be8bac\">\n.avia-image-container.av-953hz-dfbff1261f33ccb82d38af15c2be8bac img.avia_image{\nbox-shadow:none;\n}\n.avia-image-container.av-953hz-dfbff1261f33ccb82d38af15c2be8bac .av-image-caption-overlay-center{\ncolor:#ffffff;\n}\n<\/style>\n<div  class='avia-image-container av-953hz-dfbff1261f33ccb82d38af15c2be8bac av-styling- avia-align-center  avia-builder-el-8  avia-builder-el-no-sibling  yellow-divider'   itemprop=\"image\" itemscope=\"itemscope\" itemtype=\"https:\/\/schema.org\/ImageObject\" ><div class=\"avia-image-container-inner\"><div class=\"avia-image-overlay-wrap\"><img decoding=\"async\" fetchpriority=\"high\" class='wp-image-81 avia-img-lazy-loading-not-81 avia_image' src=\"https:\/\/www.scheblerchimney.com\/wp-content\/uploads\/2022\/07\/footer-divider-one.svg\" alt='' title='footer-divider-one'   itemprop=\"thumbnailUrl\"  \/><\/div><\/div><\/div><\/div>","protected":false},"excerpt":{"rendered":"","protected":false},"author":4,"featured_media":0,"parent":0,"menu_order":0,"comment_status":"closed","ping_status":"closed","template":"","meta":{"_acf_changed":false,"footnotes":""},"class_list":["post-2453","page","type-page","status-publish","hentry"],"acf":[],"yoast_head":"<!-- This site is optimized with the Yoast SEO plugin v27.4 - https:\/\/yoast.com\/product\/yoast-seo-wordpress\/ -->\n<title>General Installation Instructions | Schebler Chimney Systems<\/title>\n<meta name=\"description\" content=\"As the premier source for custom, modular prefabricated chimneys and engineered stacks, we look forward to providing the support you need. Download our General Installation Instructions now.\" \/>\n<meta name=\"robots\" content=\"index, follow, max-snippet:-1, max-image-preview:large, max-video-preview:-1\" \/>\n<link rel=\"canonical\" href=\"https:\/\/www.scheblerchimney.com\/fr\/instructions-generales-dinstallation\/\" \/>\n<meta property=\"og:locale\" content=\"fr_CA\" \/>\n<meta property=\"og:type\" content=\"article\" \/>\n<meta property=\"og:title\" content=\"General Installation Instructions | Schebler Chimney Systems\" \/>\n<meta property=\"og:description\" content=\"As the premier source for custom, modular prefabricated chimneys and engineered stacks, we look forward to providing the support you need. Download our General Installation Instructions now.\" \/>\n<meta property=\"og:url\" content=\"https:\/\/www.scheblerchimney.com\/fr\/instructions-generales-dinstallation\/\" \/>\n<meta property=\"og:site_name\" content=\"Schebler Chimney Systems\" \/>\n<meta property=\"article:modified_time\" content=\"2024-08-22T16:00:41+00:00\" \/>\n<meta property=\"og:image\" content=\"https:\/\/www.scheblerchimney.com\/wp-content\/uploads\/2025\/01\/schebler-full-color-logo.png\" \/>\n\t<meta property=\"og:image:width\" content=\"1200\" \/>\n\t<meta property=\"og:image:height\" content=\"600\" \/>\n\t<meta property=\"og:image:type\" content=\"image\/png\" \/>\n<meta name=\"twitter:card\" content=\"summary_large_image\" \/>\n<meta name=\"twitter:label1\" content=\"Estimation du temps de lecture\" \/>\n\t<meta name=\"twitter:data1\" content=\"1 minute\" \/>\n<script type=\"application\/ld+json\" class=\"yoast-schema-graph\">{\"@context\":\"https:\\\/\\\/schema.org\",\"@graph\":[{\"@type\":\"WebPage\",\"@id\":\"https:\\\/\\\/www.scheblerchimney.com\\\/fr\\\/general-installation-instructions\\\/\",\"url\":\"https:\\\/\\\/www.scheblerchimney.com\\\/fr\\\/general-installation-instructions\\\/\",\"name\":\"General Installation Instructions | Schebler Chimney Systems\",\"isPartOf\":{\"@id\":\"https:\\\/\\\/www.scheblerchimney.com\\\/fr\\\/#website\"},\"datePublished\":\"2022-08-31T19:27:09+00:00\",\"dateModified\":\"2024-08-22T16:00:41+00:00\",\"description\":\"As the premier source for custom, modular prefabricated chimneys and engineered stacks, we look forward to providing the support you need. Download our General Installation Instructions now.\",\"breadcrumb\":{\"@id\":\"https:\\\/\\\/www.scheblerchimney.com\\\/fr\\\/general-installation-instructions\\\/#breadcrumb\"},\"inLanguage\":\"fr-CA\",\"potentialAction\":[{\"@type\":\"ReadAction\",\"target\":[\"https:\\\/\\\/www.scheblerchimney.com\\\/fr\\\/general-installation-instructions\\\/\"]}]},{\"@type\":\"BreadcrumbList\",\"@id\":\"https:\\\/\\\/www.scheblerchimney.com\\\/fr\\\/general-installation-instructions\\\/#breadcrumb\",\"itemListElement\":[{\"@type\":\"ListItem\",\"position\":1,\"name\":\"Home\",\"item\":\"https:\\\/\\\/www.scheblerchimney.com\\\/\"},{\"@type\":\"ListItem\",\"position\":2,\"name\":\"General Installation Instructions\"}]},{\"@type\":\"WebSite\",\"@id\":\"https:\\\/\\\/www.scheblerchimney.com\\\/fr\\\/#website\",\"url\":\"https:\\\/\\\/www.scheblerchimney.com\\\/fr\\\/\",\"name\":\"Schebler Chimney Systems\",\"description\":\"Made in America By a Team of Dedicated Employee-Owners\",\"publisher\":{\"@id\":\"https:\\\/\\\/www.scheblerchimney.com\\\/fr\\\/#organization\"},\"potentialAction\":[{\"@type\":\"SearchAction\",\"target\":{\"@type\":\"EntryPoint\",\"urlTemplate\":\"https:\\\/\\\/www.scheblerchimney.com\\\/fr\\\/?s={search_term_string}\"},\"query-input\":{\"@type\":\"PropertyValueSpecification\",\"valueRequired\":true,\"valueName\":\"search_term_string\"}}],\"inLanguage\":\"fr-CA\"},{\"@type\":\"Organization\",\"@id\":\"https:\\\/\\\/www.scheblerchimney.com\\\/fr\\\/#organization\",\"name\":\"Schebler Chimney Systems\",\"url\":\"https:\\\/\\\/www.scheblerchimney.com\\\/fr\\\/\",\"logo\":{\"@type\":\"ImageObject\",\"inLanguage\":\"fr-CA\",\"@id\":\"https:\\\/\\\/www.scheblerchimney.com\\\/fr\\\/#\\\/schema\\\/logo\\\/image\\\/\",\"url\":\"https:\\\/\\\/scheblerchimney.com\\\/wp-content\\\/uploads\\\/2025\\\/01\\\/schebler-full-color-logo.png\",\"contentUrl\":\"https:\\\/\\\/scheblerchimney.com\\\/wp-content\\\/uploads\\\/2025\\\/01\\\/schebler-full-color-logo.png\",\"width\":1200,\"height\":600,\"caption\":\"Schebler Chimney Systems\"},\"image\":{\"@id\":\"https:\\\/\\\/www.scheblerchimney.com\\\/fr\\\/#\\\/schema\\\/logo\\\/image\\\/\"},\"sameAs\":[\"https:\\\/\\\/www.linkedin.com\\\/company\\\/schebler-chimney-systems\\\/\"]}]}<\/script>\n<!-- \/ Yoast SEO plugin. -->","yoast_head_json":{"title":"Instructions g\u00e9n\u00e9rales d'installation - Syst\u00e8mes de chemin\u00e9e Schebler","description":"En tant que premier fournisseur de chemin\u00e9es pr\u00e9fabriqu\u00e9es modulaires sur mesure et de chemin\u00e9es techniques, nous nous r\u00e9jouissons de vous apporter le soutien dont vous avez besoin. T\u00e9l\u00e9chargez nos instructions g\u00e9n\u00e9rales d'installation d\u00e8s maintenant.","robots":{"index":"index","follow":"follow","max-snippet":"max-snippet:-1","max-image-preview":"max-image-preview:large","max-video-preview":"max-video-preview:-1"},"canonical":"https:\/\/www.scheblerchimney.com\/fr\/instructions-generales-dinstallation\/","og_locale":"fr_CA","og_type":"article","og_title":"General Installation Instructions | Schebler Chimney Systems","og_description":"As the premier source for custom, modular prefabricated chimneys and engineered stacks, we look forward to providing the support you need. Download our General Installation Instructions now.","og_url":"https:\/\/www.scheblerchimney.com\/fr\/instructions-generales-dinstallation\/","og_site_name":"Schebler Chimney Systems","article_modified_time":"2024-08-22T16:00:41+00:00","og_image":[{"width":1200,"height":600,"url":"https:\/\/www.scheblerchimney.com\/wp-content\/uploads\/2025\/01\/schebler-full-color-logo.png","type":"image\/png"}],"twitter_card":"summary_large_image","twitter_misc":{"Estimation du temps de lecture":"1 minute"},"schema":{"@context":"https:\/\/schema.org","@graph":[{"@type":"WebPage","@id":"https:\/\/www.scheblerchimney.com\/fr\/general-installation-instructions\/","url":"https:\/\/www.scheblerchimney.com\/fr\/general-installation-instructions\/","name":"Instructions g\u00e9n\u00e9rales d'installation - Syst\u00e8mes de chemin\u00e9e Schebler","isPartOf":{"@id":"https:\/\/www.scheblerchimney.com\/fr\/#website"},"datePublished":"2022-08-31T19:27:09+00:00","dateModified":"2024-08-22T16:00:41+00:00","description":"En tant que premier fournisseur de chemin\u00e9es pr\u00e9fabriqu\u00e9es modulaires sur mesure et de chemin\u00e9es techniques, nous nous r\u00e9jouissons de vous apporter le soutien dont vous avez besoin. T\u00e9l\u00e9chargez nos instructions g\u00e9n\u00e9rales d'installation d\u00e8s maintenant.","breadcrumb":{"@id":"https:\/\/www.scheblerchimney.com\/fr\/general-installation-instructions\/#breadcrumb"},"inLanguage":"fr-CA","potentialAction":[{"@type":"ReadAction","target":["https:\/\/www.scheblerchimney.com\/fr\/general-installation-instructions\/"]}]},{"@type":"BreadcrumbList","@id":"https:\/\/www.scheblerchimney.com\/fr\/general-installation-instructions\/#breadcrumb","itemListElement":[{"@type":"ListItem","position":1,"name":"Home","item":"https:\/\/www.scheblerchimney.com\/"},{"@type":"ListItem","position":2,"name":"General Installation Instructions"}]},{"@type":"WebSite","@id":"https:\/\/www.scheblerchimney.com\/fr\/#website","url":"https:\/\/www.scheblerchimney.com\/fr\/","name":"Syst\u00e8mes de chemin\u00e9es Schebler","description":"Fabriqu\u00e9 en Am\u00e9rique par une \u00e9quipe d'employ\u00e9s propri\u00e9taires d\u00e9vou\u00e9s.","publisher":{"@id":"https:\/\/www.scheblerchimney.com\/fr\/#organization"},"potentialAction":[{"@type":"SearchAction","target":{"@type":"EntryPoint","urlTemplate":"https:\/\/www.scheblerchimney.com\/fr\/?s={search_term_string}"},"query-input":{"@type":"PropertyValueSpecification","valueRequired":true,"valueName":"search_term_string"}}],"inLanguage":"fr-CA"},{"@type":"Organization","@id":"https:\/\/www.scheblerchimney.com\/fr\/#organization","name":"Syst\u00e8mes de chemin\u00e9es Schebler","url":"https:\/\/www.scheblerchimney.com\/fr\/","logo":{"@type":"ImageObject","inLanguage":"fr-CA","@id":"https:\/\/www.scheblerchimney.com\/fr\/#\/schema\/logo\/image\/","url":"https:\/\/scheblerchimney.com\/wp-content\/uploads\/2025\/01\/schebler-full-color-logo.png","contentUrl":"https:\/\/scheblerchimney.com\/wp-content\/uploads\/2025\/01\/schebler-full-color-logo.png","width":1200,"height":600,"caption":"Schebler Chimney Systems"},"image":{"@id":"https:\/\/www.scheblerchimney.com\/fr\/#\/schema\/logo\/image\/"},"sameAs":["https:\/\/www.linkedin.com\/company\/schebler-chimney-systems\/"]}]}},"_links":{"self":[{"href":"https:\/\/www.scheblerchimney.com\/fr\/wp-json\/wp\/v2\/pages\/2453","targetHints":{"allow":["GET"]}}],"collection":[{"href":"https:\/\/www.scheblerchimney.com\/fr\/wp-json\/wp\/v2\/pages"}],"about":[{"href":"https:\/\/www.scheblerchimney.com\/fr\/wp-json\/wp\/v2\/types\/page"}],"author":[{"embeddable":true,"href":"https:\/\/www.scheblerchimney.com\/fr\/wp-json\/wp\/v2\/users\/4"}],"replies":[{"embeddable":true,"href":"https:\/\/www.scheblerchimney.com\/fr\/wp-json\/wp\/v2\/comments?post=2453"}],"version-history":[{"count":2,"href":"https:\/\/www.scheblerchimney.com\/fr\/wp-json\/wp\/v2\/pages\/2453\/revisions"}],"predecessor-version":[{"id":10439,"href":"https:\/\/www.scheblerchimney.com\/fr\/wp-json\/wp\/v2\/pages\/2453\/revisions\/10439"}],"wp:attachment":[{"href":"https:\/\/www.scheblerchimney.com\/fr\/wp-json\/wp\/v2\/media?parent=2453"}],"curies":[{"name":"wp","href":"https:\/\/api.w.org\/{rel}","templated":true}]}}