{"id":359,"date":"2022-07-19T15:19:11","date_gmt":"2022-07-19T20:19:11","guid":{"rendered":"https:\/\/d5e71e2411.nxcli.net\/?page_id=359"},"modified":"2024-08-22T11:01:20","modified_gmt":"2024-08-22T16:01:20","slug":"contact","status":"publish","type":"page","link":"https:\/\/www.scheblerchimney.com\/fr\/contact\/","title":{"rendered":"Contact"},"content":{"rendered":"<div id='av_section_1'  class='avia-section av-1aghdr-f76cbae49782a70e6abd91adeceb1c6e main_color avia-section-default avia-no-border-styling  avia-builder-el-0  el_before_av_section  avia-builder-el-first  avia-bg-style-scroll container_wrap fullsize'  ><div class='container av-section-cont-open' ><main  role=\"main\" itemprop=\"mainContentOfPage\"  class='template-page content  av-content-full alpha units'><div class='post-entry post-entry-type-page post-entry-359'><div class='entry-content-wrapper clearfix'>\n<div  class='flex_column av-12tt9j-aaf76cecab27c2729705308c2fcc5741 av_one_full  avia-builder-el-1  el_before_av_one_full  avia-builder-el-first  first flex_column_div'     ><section  class='av_textblock_section av-xdob3-e5a9b92be5f5dbaa23a86e095f8cb25d'   itemscope=\"itemscope\" itemtype=\"https:\/\/schema.org\/CreativeWork\" ><div class='avia_textblock'  itemprop=\"text\" ><h2><strong>La certitude d'un soutien<\/strong><\/h2>\n<\/div><\/section><br \/>\n<section  class='av_textblock_section av-qr547-2b482e65ae0deece22b89253600ac855'   itemscope=\"itemscope\" itemtype=\"https:\/\/schema.org\/CreativeWork\" ><div class='avia_textblock large-blue-paragraph-text'  itemprop=\"text\" ><p>Notre \u00e9quipe de professionnels de premier plan est toujours disponible pour r\u00e9pondre \u00e0 vos questions et vous aider. En tant que premi\u00e8re source de chemin\u00e9es pr\u00e9fabriqu\u00e9es modulaires sur mesure et de chemin\u00e9es d'ing\u00e9nierie, nous sommes impatients d'apprendre comment nous pouvons vous apporter le soutien dont vous avez besoin.<\/p>\n<\/div><\/section><\/p><\/div><div  class='flex_column av-f9y47-86bd3c47b2af5eb8b391d45d60db708a av_one_full  avia-builder-el-4  el_after_av_one_full  avia-builder-el-last  divider-line-width first flex_column_div  column-top-margin'     ><style type=\"text\/css\" data-created_by=\"avia_inline_auto\" id=\"style-css-av-953hz-dfbff1261f33ccb82d38af15c2be8bac\">\n.avia-image-container.av-953hz-dfbff1261f33ccb82d38af15c2be8bac img.avia_image{\nbox-shadow:none;\n}\n.avia-image-container.av-953hz-dfbff1261f33ccb82d38af15c2be8bac .av-image-caption-overlay-center{\ncolor:#ffffff;\n}\n<\/style>\n<div  class='avia-image-container av-953hz-dfbff1261f33ccb82d38af15c2be8bac av-styling- avia-align-center  avia-builder-el-5  avia-builder-el-no-sibling  yellow-divider'   itemprop=\"image\" itemscope=\"itemscope\" itemtype=\"https:\/\/schema.org\/ImageObject\" ><div class=\"avia-image-container-inner\"><div class=\"avia-image-overlay-wrap\"><img decoding=\"async\" fetchpriority=\"high\" class='wp-image-81 avia-img-lazy-loading-not-81 avia_image' src=\"https:\/\/www.scheblerchimney.com\/wp-content\/uploads\/2022\/07\/footer-divider-one.svg\" alt='' title='footer-divider-one'   itemprop=\"thumbnailUrl\"  \/><\/div><\/div><\/div><\/div><\/div><\/div><\/main><!-- close content main element --><\/div><\/div><div id='av_section_2'  class='avia-section av-lfz67-64e0559017d9c7a7149a63d7a67e77b6 main_color avia-section-default avia-no-border-styling  avia-builder-el-6  el_after_av_section  el_before_av_section  contact-us-page-main-content avia-bg-style-scroll container_wrap fullsize'  ><div class='container av-section-cont-open' ><div class='template-page content  av-content-full alpha units'><div class='post-entry post-entry-type-page post-entry-359'><div class='entry-content-wrapper clearfix'>\n<div  class='flex_column av-9rr33-8f4ae3f7a0995c2a5c7d1ba5268dbf4a av_one_third  avia-builder-el-7  el_before_av_two_third  avia-builder-el-first  left-img-bleed first flex_column_div'     ><style type=\"text\/css\" data-created_by=\"avia_inline_auto\" id=\"style-css-av-l62nphdm-fd18d2a42987aaacbf1133c20c25026f\">\n.avia-image-container.av-l62nphdm-fd18d2a42987aaacbf1133c20c25026f img.avia_image{\nbox-shadow:none;\n}\n.avia-image-container.av-l62nphdm-fd18d2a42987aaacbf1133c20c25026f .av-image-caption-overlay-center{\ncolor:#ffffff;\n}\n<\/style>\n<div  class='avia-image-container av-l62nphdm-fd18d2a42987aaacbf1133c20c25026f av-styling- avia-align-center  avia-builder-el-8  avia-builder-el-no-sibling'   itemprop=\"image\" itemscope=\"itemscope\" itemtype=\"https:\/\/schema.org\/ImageObject\" ><div class=\"avia-image-container-inner\"><div class=\"avia-image-overlay-wrap\"><img decoding=\"async\" fetchpriority=\"high\" class='wp-image-2296 avia-img-lazy-loading-not-2296 avia_image' src=\"https:\/\/www.scheblerchimney.com\/wp-content\/uploads\/2022\/07\/Engineered_stacks_005.jpg\" alt='' title='Empilements_ing\u00e9nieurs_005'  height=\"1200\" width=\"1200\"  itemprop=\"thumbnailUrl\" srcset=\"https:\/\/www.scheblerchimney.com\/wp-content\/uploads\/2022\/07\/Engineered_stacks_005.jpg 1200w, https:\/\/www.scheblerchimney.com\/wp-content\/uploads\/2022\/07\/Engineered_stacks_005-300x300.jpg 300w, https:\/\/www.scheblerchimney.com\/wp-content\/uploads\/2022\/07\/Engineered_stacks_005-1030x1030.jpg 1030w, https:\/\/www.scheblerchimney.com\/wp-content\/uploads\/2022\/07\/Engineered_stacks_005-80x80.jpg 80w, https:\/\/www.scheblerchimney.com\/wp-content\/uploads\/2022\/07\/Engineered_stacks_005-768x768.jpg 768w, https:\/\/www.scheblerchimney.com\/wp-content\/uploads\/2022\/07\/Engineered_stacks_005-36x36.jpg 36w, https:\/\/www.scheblerchimney.com\/wp-content\/uploads\/2022\/07\/Engineered_stacks_005-180x180.jpg 180w, https:\/\/www.scheblerchimney.com\/wp-content\/uploads\/2022\/07\/Engineered_stacks_005-705x705.jpg 705w, https:\/\/www.scheblerchimney.com\/wp-content\/uploads\/2022\/07\/Engineered_stacks_005-75x75.jpg 75w\" sizes=\"(max-width: 1200px) 100vw, 1200px\" \/><\/div><\/div><\/div><\/div><div  class='flex_column av-gx6tz-38a7918f3d39d3de63ea50c3305d31fb av_two_third  avia-builder-el-9  el_after_av_one_third  avia-builder-el-last  right-column-content-image-bleed flex_column_div'     ><section  class='av_textblock_section av-l63mmixy-e6ec6960b7c158a3f2f7c2c3079928da'   itemscope=\"itemscope\" itemtype=\"https:\/\/schema.org\/CreativeWork\" ><div class='avia_textblock large-blue-paragraph-text'  itemprop=\"text\" ><h2>Prendre contact<\/h2>\n<\/div><\/section><br \/>\n<section  class='av_textblock_section av-bj2en-95b3de04baa77645c505956b8a4d98bb'   itemscope=\"itemscope\" itemtype=\"https:\/\/schema.org\/CreativeWork\" ><div class='avia_textblock'  itemprop=\"text\" ><p><script charset=\"utf-8\" type=\"text\/javascript\" src=\"\/\/js.hsforms.net\/forms\/v2.js\"><\/script><br \/>\n<script>\n  hbspt.forms.create({\n    region: \"na1\",\n    portalId: \"9269894\",\n    formId: \"e6c2363c-d72c-492d-bf46-e3282d5ea7d6\"\n  });\n<\/script><\/p>\n<\/div><\/section><\/p><\/div>\n<\/p>\n<\/div><\/div><\/div><!-- close content main div --><\/div><\/div><div id='av_section_3'  class='avia-section av-tg6xz-e80b188173c85c5d19a936ee1b1bac85 main_color avia-section-default avia-no-border-styling  avia-builder-el-12  el_after_av_section  avia-builder-el-last  contact-us-page-secondary-content dark-section avia-bg-style-scroll container_wrap fullsize'  ><div class='container av-section-cont-open' ><div class='template-page content  av-content-full alpha units'><div class='post-entry post-entry-type-page post-entry-359'><div class='entry-content-wrapper clearfix'>\n<div  class='flex_column av-ivn3j-da5fa191d83421eb8a5d1e314699a55d av_one_third  avia-builder-el-13  el_before_av_two_third  avia-builder-el-first  first flex_column_div'     ><\/div><div  class='flex_column av-1nsa7-1993ad4fca8e17253fc38384551fb802 av_two_third  avia-builder-el-14  el_after_av_one_third  avia-builder-el-last  contact-address-column flex_column_div'     ><p>\n<style type=\"text\/css\" data-created_by=\"avia_inline_auto\" id=\"style-css-av-l63mntyw-fdfbf065a5251f0c0d1ef2576612013c\">\n.avia-image-container.av-l63mntyw-fdfbf065a5251f0c0d1ef2576612013c img.avia_image{\nbox-shadow:none;\n}\n.avia-image-container.av-l63mntyw-fdfbf065a5251f0c0d1ef2576612013c .av-image-caption-overlay-center{\ncolor:#ffffff;\n}\n<\/style>\n<div  class='avia-image-container av-l63mntyw-fdfbf065a5251f0c0d1ef2576612013c av-styling- avia-align-center  avia-builder-el-15  el_before_av_textblock  avia-builder-el-first'   itemprop=\"image\" itemscope=\"itemscope\" itemtype=\"https:\/\/schema.org\/ImageObject\" ><div class=\"avia-image-container-inner\"><div class=\"avia-image-overlay-wrap\"><img decoding=\"async\" fetchpriority=\"high\" class='wp-image-802 avia-img-lazy-loading-not-802 avia_image' src=\"https:\/\/www.scheblerchimney.com\/wp-content\/uploads\/2022\/07\/Location-icon.svg\" alt='' title='Ic\u00f4ne de localisation'   itemprop=\"thumbnailUrl\"  \/><\/div><\/div><\/div><br \/>\n<section  class='av_textblock_section av-7fqe7-478dfddfb1185dd692c47297548bbf98'   itemscope=\"itemscope\" itemtype=\"https:\/\/schema.org\/CreativeWork\" ><div class='avia_textblock'  itemprop=\"text\" ><p>5665 Fenno Rd., Bettendorf, IA 52722<\/p>\n<p><span class=\"yellow-text\">563.359.0110<\/span><\/p>\n<\/div><\/section><\/p><\/div>","protected":false},"excerpt":{"rendered":"","protected":false},"author":1,"featured_media":0,"parent":0,"menu_order":0,"comment_status":"closed","ping_status":"closed","template":"","meta":{"_acf_changed":false,"footnotes":""},"class_list":["post-359","page","type-page","status-publish","hentry"],"acf":[],"yoast_head":"<!-- This site is optimized with the Yoast SEO plugin v27.6 - https:\/\/yoast.com\/product\/yoast-seo-wordpress\/ -->\n<title>Contact | Schebler Chimney Systems<\/title>\n<meta name=\"description\" content=\"Our team of industry-leading professionals is always available to answer questions and provide assistance.\" \/>\n<meta name=\"robots\" content=\"index, follow, max-snippet:-1, max-image-preview:large, max-video-preview:-1\" \/>\n<link rel=\"canonical\" href=\"https:\/\/www.scheblerchimney.com\/fr\/contact\/\" \/>\n<meta property=\"og:locale\" content=\"fr_CA\" \/>\n<meta property=\"og:type\" content=\"article\" \/>\n<meta property=\"og:title\" content=\"Contact | Schebler Chimney Systems\" \/>\n<meta property=\"og:description\" content=\"Our team of industry-leading professionals is always available to answer questions and provide assistance.\" \/>\n<meta property=\"og:url\" content=\"https:\/\/www.scheblerchimney.com\/fr\/contact\/\" \/>\n<meta property=\"og:site_name\" content=\"Schebler Chimney Systems\" \/>\n<meta property=\"article:modified_time\" content=\"2024-08-22T16:01:20+00:00\" \/>\n<meta property=\"og:image\" content=\"https:\/\/www.scheblerchimney.com\/wp-content\/uploads\/2025\/01\/schebler-full-color-logo.png\" \/>\n\t<meta property=\"og:image:width\" content=\"1200\" \/>\n\t<meta property=\"og:image:height\" content=\"600\" \/>\n\t<meta property=\"og:image:type\" content=\"image\/png\" \/>\n<meta name=\"twitter:card\" content=\"summary_large_image\" \/>\n<meta name=\"twitter:label1\" content=\"Estimation du temps de lecture\" \/>\n\t<meta name=\"twitter:data1\" content=\"1 minute\" \/>\n<script type=\"application\/ld+json\" class=\"yoast-schema-graph\">{\"@context\":\"https:\\\/\\\/schema.org\",\"@graph\":[{\"@type\":\"WebPage\",\"@id\":\"https:\\\/\\\/www.scheblerchimney.com\\\/fr\\\/contact\\\/\",\"url\":\"https:\\\/\\\/www.scheblerchimney.com\\\/fr\\\/contact\\\/\",\"name\":\"Contact | Schebler Chimney Systems\",\"isPartOf\":{\"@id\":\"https:\\\/\\\/www.scheblerchimney.com\\\/fr\\\/#website\"},\"datePublished\":\"2022-07-19T20:19:11+00:00\",\"dateModified\":\"2024-08-22T16:01:20+00:00\",\"description\":\"Our team of industry-leading professionals is always available to answer questions and provide assistance.\",\"breadcrumb\":{\"@id\":\"https:\\\/\\\/www.scheblerchimney.com\\\/fr\\\/contact\\\/#breadcrumb\"},\"inLanguage\":\"fr-CA\",\"potentialAction\":[{\"@type\":\"ReadAction\",\"target\":[\"https:\\\/\\\/www.scheblerchimney.com\\\/fr\\\/contact\\\/\"]}]},{\"@type\":\"BreadcrumbList\",\"@id\":\"https:\\\/\\\/www.scheblerchimney.com\\\/fr\\\/contact\\\/#breadcrumb\",\"itemListElement\":[{\"@type\":\"ListItem\",\"position\":1,\"name\":\"Home\",\"item\":\"https:\\\/\\\/www.scheblerchimney.com\\\/\"},{\"@type\":\"ListItem\",\"position\":2,\"name\":\"Contact\"}]},{\"@type\":\"WebSite\",\"@id\":\"https:\\\/\\\/www.scheblerchimney.com\\\/fr\\\/#website\",\"url\":\"https:\\\/\\\/www.scheblerchimney.com\\\/fr\\\/\",\"name\":\"Schebler Chimney Systems\",\"description\":\"Made in America By a Team of Dedicated Employee-Owners\",\"publisher\":{\"@id\":\"https:\\\/\\\/www.scheblerchimney.com\\\/fr\\\/#organization\"},\"potentialAction\":[{\"@type\":\"SearchAction\",\"target\":{\"@type\":\"EntryPoint\",\"urlTemplate\":\"https:\\\/\\\/www.scheblerchimney.com\\\/fr\\\/?s={search_term_string}\"},\"query-input\":{\"@type\":\"PropertyValueSpecification\",\"valueRequired\":true,\"valueName\":\"search_term_string\"}}],\"inLanguage\":\"fr-CA\"},{\"@type\":\"Organization\",\"@id\":\"https:\\\/\\\/www.scheblerchimney.com\\\/fr\\\/#organization\",\"name\":\"Schebler Chimney Systems\",\"url\":\"https:\\\/\\\/www.scheblerchimney.com\\\/fr\\\/\",\"logo\":{\"@type\":\"ImageObject\",\"inLanguage\":\"fr-CA\",\"@id\":\"https:\\\/\\\/www.scheblerchimney.com\\\/fr\\\/#\\\/schema\\\/logo\\\/image\\\/\",\"url\":\"https:\\\/\\\/scheblerchimney.com\\\/wp-content\\\/uploads\\\/2025\\\/01\\\/schebler-full-color-logo.png\",\"contentUrl\":\"https:\\\/\\\/scheblerchimney.com\\\/wp-content\\\/uploads\\\/2025\\\/01\\\/schebler-full-color-logo.png\",\"width\":1200,\"height\":600,\"caption\":\"Schebler Chimney Systems\"},\"image\":{\"@id\":\"https:\\\/\\\/www.scheblerchimney.com\\\/fr\\\/#\\\/schema\\\/logo\\\/image\\\/\"},\"sameAs\":[\"https:\\\/\\\/www.linkedin.com\\\/company\\\/schebler-chimney-systems\\\/\"]}]}<\/script>\n<!-- \/ Yoast SEO plugin. -->","yoast_head_json":{"title":"Contact : Schebler Chimney Systems","description":"Notre \u00e9quipe de professionnels de premier plan est toujours disponible pour r\u00e9pondre aux questions et fournir une assistance.","robots":{"index":"index","follow":"follow","max-snippet":"max-snippet:-1","max-image-preview":"max-image-preview:large","max-video-preview":"max-video-preview:-1"},"canonical":"https:\/\/www.scheblerchimney.com\/fr\/contact\/","og_locale":"fr_CA","og_type":"article","og_title":"Contact | Schebler Chimney Systems","og_description":"Our team of industry-leading professionals is always available to answer questions and provide assistance.","og_url":"https:\/\/www.scheblerchimney.com\/fr\/contact\/","og_site_name":"Schebler Chimney Systems","article_modified_time":"2024-08-22T16:01:20+00:00","og_image":[{"width":1200,"height":600,"url":"https:\/\/www.scheblerchimney.com\/wp-content\/uploads\/2025\/01\/schebler-full-color-logo.png","type":"image\/png"}],"twitter_card":"summary_large_image","twitter_misc":{"Estimation du temps de lecture":"1 minute"},"schema":{"@context":"https:\/\/schema.org","@graph":[{"@type":"WebPage","@id":"https:\/\/www.scheblerchimney.com\/fr\/contact\/","url":"https:\/\/www.scheblerchimney.com\/fr\/contact\/","name":"Contact : Schebler Chimney Systems","isPartOf":{"@id":"https:\/\/www.scheblerchimney.com\/fr\/#website"},"datePublished":"2022-07-19T20:19:11+00:00","dateModified":"2024-08-22T16:01:20+00:00","description":"Notre \u00e9quipe de professionnels de premier plan est toujours disponible pour r\u00e9pondre aux questions et fournir une assistance.","breadcrumb":{"@id":"https:\/\/www.scheblerchimney.com\/fr\/contact\/#breadcrumb"},"inLanguage":"fr-CA","potentialAction":[{"@type":"ReadAction","target":["https:\/\/www.scheblerchimney.com\/fr\/contact\/"]}]},{"@type":"BreadcrumbList","@id":"https:\/\/www.scheblerchimney.com\/fr\/contact\/#breadcrumb","itemListElement":[{"@type":"ListItem","position":1,"name":"Home","item":"https:\/\/www.scheblerchimney.com\/"},{"@type":"ListItem","position":2,"name":"Contact"}]},{"@type":"WebSite","@id":"https:\/\/www.scheblerchimney.com\/fr\/#website","url":"https:\/\/www.scheblerchimney.com\/fr\/","name":"Syst\u00e8mes de chemin\u00e9es Schebler","description":"Fabriqu\u00e9 en Am\u00e9rique par une \u00e9quipe d'employ\u00e9s propri\u00e9taires d\u00e9vou\u00e9s.","publisher":{"@id":"https:\/\/www.scheblerchimney.com\/fr\/#organization"},"potentialAction":[{"@type":"SearchAction","target":{"@type":"EntryPoint","urlTemplate":"https:\/\/www.scheblerchimney.com\/fr\/?s={search_term_string}"},"query-input":{"@type":"PropertyValueSpecification","valueRequired":true,"valueName":"search_term_string"}}],"inLanguage":"fr-CA"},{"@type":"Organization","@id":"https:\/\/www.scheblerchimney.com\/fr\/#organization","name":"Syst\u00e8mes de chemin\u00e9es Schebler","url":"https:\/\/www.scheblerchimney.com\/fr\/","logo":{"@type":"ImageObject","inLanguage":"fr-CA","@id":"https:\/\/www.scheblerchimney.com\/fr\/#\/schema\/logo\/image\/","url":"https:\/\/scheblerchimney.com\/wp-content\/uploads\/2025\/01\/schebler-full-color-logo.png","contentUrl":"https:\/\/scheblerchimney.com\/wp-content\/uploads\/2025\/01\/schebler-full-color-logo.png","width":1200,"height":600,"caption":"Schebler Chimney Systems"},"image":{"@id":"https:\/\/www.scheblerchimney.com\/fr\/#\/schema\/logo\/image\/"},"sameAs":["https:\/\/www.linkedin.com\/company\/schebler-chimney-systems\/"]}]}},"_links":{"self":[{"href":"https:\/\/www.scheblerchimney.com\/fr\/wp-json\/wp\/v2\/pages\/359","targetHints":{"allow":["GET"]}}],"collection":[{"href":"https:\/\/www.scheblerchimney.com\/fr\/wp-json\/wp\/v2\/pages"}],"about":[{"href":"https:\/\/www.scheblerchimney.com\/fr\/wp-json\/wp\/v2\/types\/page"}],"author":[{"embeddable":true,"href":"https:\/\/www.scheblerchimney.com\/fr\/wp-json\/wp\/v2\/users\/1"}],"replies":[{"embeddable":true,"href":"https:\/\/www.scheblerchimney.com\/fr\/wp-json\/wp\/v2\/comments?post=359"}],"version-history":[{"count":28,"href":"https:\/\/www.scheblerchimney.com\/fr\/wp-json\/wp\/v2\/pages\/359\/revisions"}],"predecessor-version":[{"id":10440,"href":"https:\/\/www.scheblerchimney.com\/fr\/wp-json\/wp\/v2\/pages\/359\/revisions\/10440"}],"wp:attachment":[{"href":"https:\/\/www.scheblerchimney.com\/fr\/wp-json\/wp\/v2\/media?parent=359"}],"curies":[{"name":"wp","href":"https:\/\/api.w.org\/{rel}","templated":true}]}}